{"id":1312,"date":"2024-11-01T11:26:23","date_gmt":"2024-11-01T11:26:23","guid":{"rendered":"https:\/\/www.mvorental.nl\/?page_id=1312"},"modified":"2026-03-28T18:11:16","modified_gmt":"2026-03-28T17:11:16","slug":"elektrische-slooprobot-husqvarna-dxr270","status":"publish","type":"page","link":"https:\/\/www.mvorental.com\/en\/slooprobots\/slooprobots-operator\/elektrische-slooprobot-husqvarna-dxr270\/","title":{"rendered":"1.7 ton&#8217;s Slooprobot Husqvarna DXR270"},"content":{"rendered":"<div class=\"wp-block-columns is-layout-flex wp-container-core-columns-is-layout-28f84493 wp-block-columns-is-layout-flex\">\n<div class=\"wp-block-column is-layout-flow wp-block-column-is-layout-flow\">\n<p>The <strong>Husqvarna DXR 270 <\/strong>is an advanced, remote-controlled electric demolition robot perfect for challenging demolition jobs in hard-to-reach areas. With a sleek, contemporary design and equipped with the latest technologies, it offers power, ease of use and safety in one compact and robust body.<\/p>\n\n\n\n<p>The <strong>DXR 270<\/strong> (1750KG) has a fixed arm design with an impressive <strong>range<\/strong> of 4.8 metres and a width of only 78 cm, allowing it to easily fit through standard doorways and even overcome stairs with ease. Thanks to its low profile, the operator always maintains a good view over the robot, contributing to a safe and efficient working environment, both indoors and outdoors.<\/p>\n\n\n\n<p>Despite his <strong>compact<\/strong> <strong>size<\/strong> the DXR 270 offers remarkable power and durability. The sturdy base plate ensures that it delivers outstanding performance even in heavy demolition projects, while the machine's low weight reduces floor loading.<\/p>\n\n\n\n<p>The <strong>remote control<\/strong> of the DXR 270 is one of the most advanced and user-friendly on the market. With an ergonomic design and intuitive <strong>controls<\/strong> the robot can be easily operated with one hand, increasing control and precision during work. Due to the reliable <strong>bluetooth technology<\/strong> operation remains stable, with minimal risk of interference, even in environments with many other wireless devices.<\/p>\n\n\n\n<div style=\"height:29px\" aria-hidden=\"true\" class=\"wp-block-spacer\"><\/div>\n\n\n\n<h5 class=\"wp-block-heading\">These are the available attachments for the Husqvarna DXR 270:<\/h5>\n\n\n\n<ul class=\"wp-block-list\">\n<li><a href=\"https:\/\/www.mvorental.nl\/slooprobots\/aanbouwdelen\/aanbouwdelen-sloophamers-slooprobots\/\" data-type=\"page\" data-id=\"1203\">Demolition hammer<\/a> SB202: 4 different pointed chisels<\/li>\n\n\n\n<li><a href=\"https:\/\/www.mvorental.nl\/slooprobots\/aanbouwdelen\/aanbouwdelen-crusher-betonschaar-slooprobots\/\" data-type=\"page\" data-id=\"1210\">Crusher<\/a> DCR 300: \u00d8 43 cm<\/li>\n\n\n\n<li><a href=\"https:\/\/www.mvorental.nl\/slooprobots\/aanbouwdelen\/aanbouwdelen-graafbakken-slooprobots\/\" data-type=\"page\" data-id=\"1215\">Excavator<\/a>: 30 \/ 50 \/ 77 cm<\/li>\n\n\n\n<li><a href=\"https:\/\/www.mvorental.nl\/slooprobots\/aanbouwdelen\/aanbouwdelen-sorteergrijper-knijpbak-slooprobots\/\" data-type=\"page\" data-id=\"1222\">Sorting grab<\/a> 150 KG - 250KG<\/li>\n\n\n\n<li><a href=\"https:\/\/www.mvorental.nl\/slooprobots\/aanbouwdelen\/aanbouwdelen-plaatstaal-cutter-ijzersnijder-slooprobots\/\" data-type=\"page\" data-id=\"1226\">Steel shears<\/a> DSS 200<\/li>\n\n\n\n<li>Darda TC120 Tank <a href=\"https:\/\/www.mvorental.nl\/slooprobots\/aanbouwdelen\/aanbouwdelen-plaatstaal-cutter-ijzersnijder-slooprobots\/\" data-type=\"page\" data-id=\"1226\">Cutter<\/a><\/li>\n\n\n\n<li>Various <a href=\"https:\/\/www.mvorental.nl\/slooprobots\/aanbouwdelen\/aanbouwdelen-graafbakken-slooprobots\/\" data-type=\"page\" data-id=\"1215\">bins<\/a><\/li>\n<\/ul>\n\n\n\n<div style=\"height:29px\" aria-hidden=\"true\" class=\"wp-block-spacer\"><\/div>\n\n\n\n<details class=\"wp-block-details is-layout-flow wp-block-details-is-layout-flow\"><summary>Features<\/summary>\n<p>Height: 3600 mm<br>Width: 780 mm<\/p>\n\n\n\n<p>Current 42 amps<\/p>\n<\/details>\n<\/div>\n<\/div>\n\n\n\n<h4 class=\"wp-block-heading\"><\/h4>\n\n\n\n<figure class=\"wp-block-gallery has-nested-images columns-2 wp-block-gallery-1 is-layout-flex wp-block-gallery-is-layout-flex\">\n<figure class=\"wp-block-image size-full\"><a href=\"https:\/\/www.mvorental.nl\/wp-content\/uploads\/2024\/09\/Elektrische-Slooprobot-Husqvarna-DXR-270-MVOrental.nl_-1.jpg\"><img fetchpriority=\"high\" decoding=\"async\" width=\"960\" height=\"720\" data-id=\"1146\" src=\"https:\/\/www.mvorental.nl\/wp-content\/uploads\/2024\/09\/Elektrische-Slooprobot-Husqvarna-DXR-270-MVOrental.nl_-1.jpg\" alt=\"\" class=\"wp-image-1146\" srcset=\"https:\/\/www.mvorental.com\/wp-content\/uploads\/2024\/09\/Elektrische-Slooprobot-Husqvarna-DXR-270-MVOrental.nl_-1.jpg 960w, https:\/\/www.mvorental.com\/wp-content\/uploads\/2024\/09\/Elektrische-Slooprobot-Husqvarna-DXR-270-MVOrental.nl_-1-300x225.jpg 300w, https:\/\/www.mvorental.com\/wp-content\/uploads\/2024\/09\/Elektrische-Slooprobot-Husqvarna-DXR-270-MVOrental.nl_-1-768x576.jpg 768w\" sizes=\"(max-width: 960px) 100vw, 960px\" \/><\/a><\/figure>\n\n\n\n<figure class=\"wp-block-image size-full\"><a href=\"https:\/\/www.mvorental.nl\/wp-content\/uploads\/2024\/09\/Elektrische-Slooprobot-Husqvarna-DXR-270-MVOrental.nl_.jpg\"><img decoding=\"async\" width=\"960\" height=\"720\" data-id=\"1149\" src=\"https:\/\/www.mvorental.nl\/wp-content\/uploads\/2024\/09\/Elektrische-Slooprobot-Husqvarna-DXR-270-MVOrental.nl_.jpg\" alt=\"\" class=\"wp-image-1149\" srcset=\"https:\/\/www.mvorental.com\/wp-content\/uploads\/2024\/09\/Elektrische-Slooprobot-Husqvarna-DXR-270-MVOrental.nl_.jpg 960w, https:\/\/www.mvorental.com\/wp-content\/uploads\/2024\/09\/Elektrische-Slooprobot-Husqvarna-DXR-270-MVOrental.nl_-300x225.jpg 300w, https:\/\/www.mvorental.com\/wp-content\/uploads\/2024\/09\/Elektrische-Slooprobot-Husqvarna-DXR-270-MVOrental.nl_-768x576.jpg 768w\" sizes=\"(max-width: 960px) 100vw, 960px\" \/><\/a><\/figure>\n\n\n\n<figure class=\"wp-block-image size-full\"><a href=\"https:\/\/www.mvorental.nl\/wp-content\/uploads\/2024\/09\/Elektrische-Slooprobot-Husqvarna-DXR-140-MVOrental.nl_-1.jpg\"><img decoding=\"async\" width=\"960\" height=\"720\" data-id=\"1147\" src=\"https:\/\/www.mvorental.nl\/wp-content\/uploads\/2024\/09\/Elektrische-Slooprobot-Husqvarna-DXR-140-MVOrental.nl_-1.jpg\" alt=\"\" class=\"wp-image-1147\" srcset=\"https:\/\/www.mvorental.com\/wp-content\/uploads\/2024\/09\/Elektrische-Slooprobot-Husqvarna-DXR-140-MVOrental.nl_-1.jpg 960w, https:\/\/www.mvorental.com\/wp-content\/uploads\/2024\/09\/Elektrische-Slooprobot-Husqvarna-DXR-140-MVOrental.nl_-1-300x225.jpg 300w, https:\/\/www.mvorental.com\/wp-content\/uploads\/2024\/09\/Elektrische-Slooprobot-Husqvarna-DXR-140-MVOrental.nl_-1-768x576.jpg 768w\" sizes=\"(max-width: 960px) 100vw, 960px\" \/><\/a><\/figure>\n\n\n\n<figure class=\"wp-block-image size-full\"><a href=\"https:\/\/www.mvorental.nl\/wp-content\/uploads\/2024\/09\/Elektrische-Slooprobot-HusqvarnaDXR-270-MVOrental.nl_.jpg\"><img loading=\"lazy\" decoding=\"async\" width=\"960\" height=\"720\" data-id=\"1148\" src=\"https:\/\/www.mvorental.nl\/wp-content\/uploads\/2024\/09\/Elektrische-Slooprobot-HusqvarnaDXR-270-MVOrental.nl_.jpg\" alt=\"\" class=\"wp-image-1148\" srcset=\"https:\/\/www.mvorental.com\/wp-content\/uploads\/2024\/09\/Elektrische-Slooprobot-HusqvarnaDXR-270-MVOrental.nl_.jpg 960w, https:\/\/www.mvorental.com\/wp-content\/uploads\/2024\/09\/Elektrische-Slooprobot-HusqvarnaDXR-270-MVOrental.nl_-300x225.jpg 300w, https:\/\/www.mvorental.com\/wp-content\/uploads\/2024\/09\/Elektrische-Slooprobot-HusqvarnaDXR-270-MVOrental.nl_-768x576.jpg 768w\" sizes=\"(max-width: 960px) 100vw, 960px\" \/><\/a><\/figure>\n<\/figure>","protected":false},"excerpt":{"rendered":"<p>De Husqvarna DXR 270 is een geavanceerde, op afstand bediende elektrische slooprobot die perfect is voor uitdagende sloopwerkzaamheden op moeilijk bereikbare plekken. Met een strak, hedendaags ontwerp en uitgerust met de nieuwste technologie\u00ebn, biedt deze machine kracht, gebruiksgemak en veiligheid in \u00e9\u00e9n compacte en robuuste behuizing. De DXR 270 (1750KG) heeft een vast armontwerp met [&hellip;]<\/p>\n","protected":false},"author":2,"featured_media":1146,"parent":818,"menu_order":0,"comment_status":"closed","ping_status":"closed","template":"","meta":{"footnotes":""},"categories":[18,14],"tags":[],"class_list":["post-1312","page","type-page","status-publish","has-post-thumbnail","hentry","category-slooprobots-operator","category-slooprobots"],"_links":{"self":[{"href":"https:\/\/www.mvorental.com\/en\/wp-json\/wp\/v2\/pages\/1312","targetHints":{"allow":["GET"]}}],"collection":[{"href":"https:\/\/www.mvorental.com\/en\/wp-json\/wp\/v2\/pages"}],"about":[{"href":"https:\/\/www.mvorental.com\/en\/wp-json\/wp\/v2\/types\/page"}],"author":[{"embeddable":true,"href":"https:\/\/www.mvorental.com\/en\/wp-json\/wp\/v2\/users\/2"}],"replies":[{"embeddable":true,"href":"https:\/\/www.mvorental.com\/en\/wp-json\/wp\/v2\/comments?post=1312"}],"version-history":[{"count":7,"href":"https:\/\/www.mvorental.com\/en\/wp-json\/wp\/v2\/pages\/1312\/revisions"}],"predecessor-version":[{"id":1673,"href":"https:\/\/www.mvorental.com\/en\/wp-json\/wp\/v2\/pages\/1312\/revisions\/1673"}],"up":[{"embeddable":true,"href":"https:\/\/www.mvorental.com\/en\/wp-json\/wp\/v2\/pages\/818"}],"wp:featuredmedia":[{"embeddable":true,"href":"https:\/\/www.mvorental.com\/en\/wp-json\/wp\/v2\/media\/1146"}],"wp:attachment":[{"href":"https:\/\/www.mvorental.com\/en\/wp-json\/wp\/v2\/media?parent=1312"}],"wp:term":[{"taxonomy":"category","embeddable":true,"href":"https:\/\/www.mvorental.com\/en\/wp-json\/wp\/v2\/categories?post=1312"},{"taxonomy":"post_tag","embeddable":true,"href":"https:\/\/www.mvorental.com\/en\/wp-json\/wp\/v2\/tags?post=1312"}],"curies":[{"name":"wp","href":"https:\/\/api.w.org\/{rel}","templated":true}]}}