{"id":1312,"date":"2024-11-01T11:26:23","date_gmt":"2024-11-01T11:26:23","guid":{"rendered":"https:\/\/www.mvorental.nl\/?page_id=1312"},"modified":"2026-03-28T18:11:16","modified_gmt":"2026-03-28T17:11:16","slug":"elektrische-slooprobot-husqvarna-dxr270","status":"publish","type":"page","link":"https:\/\/www.mvorental.com\/vl\/slooprobots\/slooprobots-operator\/elektrische-slooprobot-husqvarna-dxr270\/","title":{"rendered":"1.7 ton&#8217;s Slooprobot Husqvarna DXR270"},"content":{"rendered":"<div class=\"wp-block-columns is-layout-flex wp-container-core-columns-is-layout-28f84493 wp-block-columns-is-layout-flex\">\n<div class=\"wp-block-column is-layout-flow wp-block-column-is-layout-flow\">\n<p>De <strong>Husqvarna DXR 270 <\/strong>is een geavanceerde, op afstand bedienbare elektrische slooprobot die perfect is voor uitdagende sloopwerkzaamheden op moeilijk bereikbare plaatsen. Met een strak, hedendaags ontwerp en uitgerust met de nieuwste technologie\u00ebn, biedt deze machine kracht, gebruiksgemak en veiligheid in \u00e9\u00e9n compacte en robuuste behuizing.<\/p>\n\n\n\n<p>De <strong>DXR 270<\/strong> (1750KG) heeft een vast armontwerp met een indrukwekkend <strong>bereik<\/strong> van 4,8 meter en een breedte van slechts 78 cm, waardoor hij eenvoudig door standaard deuropeningen past en zelfs trappen probleemloos kan overwinnen. Dankzij het lage profiel van de machine behoudt de operator altijd goed zicht over de robot, wat bijdraagt aan een veilige en effici\u00ebnte werkomgeving, zowel binnen als buiten.<\/p>\n\n\n\n<p>Ondanks zijn <strong>compacte<\/strong> <strong>formaat<\/strong> levert de DXR 270 opmerkelijke kracht en duurzaamheid. De stevige bodemplaat zorgt ervoor dat hij zelfs bij zware sloopprojecten uitmuntende prestaties levert, terwijl het lage gewicht van de machine de vloerbelasting beperkt.<\/p>\n\n\n\n<p>De <strong>afstandsbediening met bluetooth<\/strong> van de DXR 270 is een van de meest geavanceerde en gebruiksvriendelijke op de markt. De robot kan eenvoudig met \u00e9\u00e9n hand worden bediend dankzij het ergonomisch ontwerp en de intu\u00eftieve <strong>bedieningselementen<\/strong> , wat de controle en precisie tijdens het werk vergroot. Door de betrouwbare <strong>bluetooth-technologie<\/strong> blijft de bediening stabiel, met minimale kans op interferentie, zelfs in omgevingen met veel andere draadloze apparaten.<\/p>\n\n\n\n<div style=\"height:29px\" aria-hidden=\"true\" class=\"wp-block-spacer\"><\/div>\n\n\n\n<h5 class=\"wp-block-heading\">Dit zijn de beschikbare aanbouwdelen voor de Husqvarna DXR 270:<\/h5>\n\n\n\n<ul class=\"wp-block-list\">\n<li><a href=\"https:\/\/www.mvorental.nl\/slooprobots\/aanbouwdelen\/aanbouwdelen-sloophamers-slooprobots\/\" data-type=\"page\" data-id=\"1203\">Breekhamer<\/a> SB202: 4 verschillende puntbeitels<\/li>\n\n\n\n<li><a href=\"https:\/\/www.mvorental.nl\/slooprobots\/aanbouwdelen\/aanbouwdelen-crusher-betonschaar-slooprobots\/\" data-type=\"page\" data-id=\"1210\">Pletter<\/a> DCR 300: \u00d8 43 cm<\/li>\n\n\n\n<li><a href=\"https:\/\/www.mvorental.nl\/slooprobots\/aanbouwdelen\/aanbouwdelen-graafbakken-slooprobots\/\" data-type=\"page\" data-id=\"1215\">Graafbak<\/a>: 30 \/ 50 \/ 77 cm<\/li>\n\n\n\n<li><a href=\"https:\/\/www.mvorental.nl\/slooprobots\/aanbouwdelen\/aanbouwdelen-sorteergrijper-knijpbak-slooprobots\/\" data-type=\"page\" data-id=\"1222\">Sorteergrijper<\/a> 150 KG &#8211; 250KG<\/li>\n\n\n\n<li><a href=\"https:\/\/www.mvorental.nl\/slooprobots\/aanbouwdelen\/aanbouwdelen-plaatstaal-cutter-ijzersnijder-slooprobots\/\" data-type=\"page\" data-id=\"1226\">Staalschaar<\/a> DSS 200<\/li>\n\n\n\n<li>Darda TC120 Tank <a href=\"https:\/\/www.mvorental.nl\/slooprobots\/aanbouwdelen\/aanbouwdelen-plaatstaal-cutter-ijzersnijder-slooprobots\/\" data-type=\"page\" data-id=\"1226\">Cutter<\/a><\/li>\n\n\n\n<li>Verschillende <a href=\"https:\/\/www.mvorental.nl\/slooprobots\/aanbouwdelen\/aanbouwdelen-graafbakken-slooprobots\/\" data-type=\"page\" data-id=\"1215\">bakken<\/a><\/li>\n<\/ul>\n\n\n\n<div style=\"height:29px\" aria-hidden=\"true\" class=\"wp-block-spacer\"><\/div>\n\n\n\n<details class=\"wp-block-details is-layout-flow wp-block-details-is-layout-flow\"><summary>Eigenschappen<\/summary>\n<p>Hoogte: 3600 mm<br>Breedte: 780 mm<\/p>\n\n\n\n<p>Stroom 42 Amp\u00e8re<\/p>\n<\/details>\n<\/div>\n<\/div>\n\n\n\n<h4 class=\"wp-block-heading\"><\/h4>\n\n\n\n<figure class=\"wp-block-gallery has-nested-images columns-2 wp-block-gallery-1 is-layout-flex wp-block-gallery-is-layout-flex\">\n<figure class=\"wp-block-image size-full\"><a href=\"https:\/\/www.mvorental.nl\/wp-content\/uploads\/2024\/09\/Elektrische-Slooprobot-Husqvarna-DXR-270-MVOrental.nl_-1.jpg\"><img fetchpriority=\"high\" decoding=\"async\" width=\"960\" height=\"720\" data-id=\"1146\" src=\"https:\/\/www.mvorental.nl\/wp-content\/uploads\/2024\/09\/Elektrische-Slooprobot-Husqvarna-DXR-270-MVOrental.nl_-1.jpg\" alt=\"\" class=\"wp-image-1146\" srcset=\"https:\/\/www.mvorental.com\/wp-content\/uploads\/2024\/09\/Elektrische-Slooprobot-Husqvarna-DXR-270-MVOrental.nl_-1.jpg 960w, https:\/\/www.mvorental.com\/wp-content\/uploads\/2024\/09\/Elektrische-Slooprobot-Husqvarna-DXR-270-MVOrental.nl_-1-300x225.jpg 300w, https:\/\/www.mvorental.com\/wp-content\/uploads\/2024\/09\/Elektrische-Slooprobot-Husqvarna-DXR-270-MVOrental.nl_-1-768x576.jpg 768w\" sizes=\"(max-width: 960px) 100vw, 960px\" \/><\/a><\/figure>\n\n\n\n<figure class=\"wp-block-image size-full\"><a href=\"https:\/\/www.mvorental.nl\/wp-content\/uploads\/2024\/09\/Elektrische-Slooprobot-Husqvarna-DXR-270-MVOrental.nl_.jpg\"><img decoding=\"async\" width=\"960\" height=\"720\" data-id=\"1149\" src=\"https:\/\/www.mvorental.nl\/wp-content\/uploads\/2024\/09\/Elektrische-Slooprobot-Husqvarna-DXR-270-MVOrental.nl_.jpg\" alt=\"\" class=\"wp-image-1149\" srcset=\"https:\/\/www.mvorental.com\/wp-content\/uploads\/2024\/09\/Elektrische-Slooprobot-Husqvarna-DXR-270-MVOrental.nl_.jpg 960w, https:\/\/www.mvorental.com\/wp-content\/uploads\/2024\/09\/Elektrische-Slooprobot-Husqvarna-DXR-270-MVOrental.nl_-300x225.jpg 300w, https:\/\/www.mvorental.com\/wp-content\/uploads\/2024\/09\/Elektrische-Slooprobot-Husqvarna-DXR-270-MVOrental.nl_-768x576.jpg 768w\" sizes=\"(max-width: 960px) 100vw, 960px\" \/><\/a><\/figure>\n\n\n\n<figure class=\"wp-block-image size-full\"><a href=\"https:\/\/www.mvorental.nl\/wp-content\/uploads\/2024\/09\/Elektrische-Slooprobot-Husqvarna-DXR-140-MVOrental.nl_-1.jpg\"><img decoding=\"async\" width=\"960\" height=\"720\" data-id=\"1147\" src=\"https:\/\/www.mvorental.nl\/wp-content\/uploads\/2024\/09\/Elektrische-Slooprobot-Husqvarna-DXR-140-MVOrental.nl_-1.jpg\" alt=\"\" class=\"wp-image-1147\" srcset=\"https:\/\/www.mvorental.com\/wp-content\/uploads\/2024\/09\/Elektrische-Slooprobot-Husqvarna-DXR-140-MVOrental.nl_-1.jpg 960w, https:\/\/www.mvorental.com\/wp-content\/uploads\/2024\/09\/Elektrische-Slooprobot-Husqvarna-DXR-140-MVOrental.nl_-1-300x225.jpg 300w, https:\/\/www.mvorental.com\/wp-content\/uploads\/2024\/09\/Elektrische-Slooprobot-Husqvarna-DXR-140-MVOrental.nl_-1-768x576.jpg 768w\" sizes=\"(max-width: 960px) 100vw, 960px\" \/><\/a><\/figure>\n\n\n\n<figure class=\"wp-block-image size-full\"><a href=\"https:\/\/www.mvorental.nl\/wp-content\/uploads\/2024\/09\/Elektrische-Slooprobot-HusqvarnaDXR-270-MVOrental.nl_.jpg\"><img loading=\"lazy\" decoding=\"async\" width=\"960\" height=\"720\" data-id=\"1148\" src=\"https:\/\/www.mvorental.nl\/wp-content\/uploads\/2024\/09\/Elektrische-Slooprobot-HusqvarnaDXR-270-MVOrental.nl_.jpg\" alt=\"\" class=\"wp-image-1148\" srcset=\"https:\/\/www.mvorental.com\/wp-content\/uploads\/2024\/09\/Elektrische-Slooprobot-HusqvarnaDXR-270-MVOrental.nl_.jpg 960w, https:\/\/www.mvorental.com\/wp-content\/uploads\/2024\/09\/Elektrische-Slooprobot-HusqvarnaDXR-270-MVOrental.nl_-300x225.jpg 300w, https:\/\/www.mvorental.com\/wp-content\/uploads\/2024\/09\/Elektrische-Slooprobot-HusqvarnaDXR-270-MVOrental.nl_-768x576.jpg 768w\" sizes=\"(max-width: 960px) 100vw, 960px\" \/><\/a><\/figure>\n<\/figure>","protected":false},"excerpt":{"rendered":"<p>De Husqvarna DXR 270 is een geavanceerde, op afstand bediende elektrische slooprobot die perfect is voor uitdagende sloopwerkzaamheden op moeilijk bereikbare plekken. Met een strak, hedendaags ontwerp en uitgerust met de nieuwste technologie\u00ebn, biedt deze machine kracht, gebruiksgemak en veiligheid in \u00e9\u00e9n compacte en robuuste behuizing. De DXR 270 (1750KG) heeft een vast armontwerp met [&hellip;]<\/p>\n","protected":false},"author":2,"featured_media":1146,"parent":818,"menu_order":0,"comment_status":"closed","ping_status":"closed","template":"","meta":{"footnotes":""},"categories":[18,14],"tags":[],"class_list":["post-1312","page","type-page","status-publish","has-post-thumbnail","hentry","category-slooprobots-operator","category-slooprobots"],"_links":{"self":[{"href":"https:\/\/www.mvorental.com\/vl\/wp-json\/wp\/v2\/pages\/1312","targetHints":{"allow":["GET"]}}],"collection":[{"href":"https:\/\/www.mvorental.com\/vl\/wp-json\/wp\/v2\/pages"}],"about":[{"href":"https:\/\/www.mvorental.com\/vl\/wp-json\/wp\/v2\/types\/page"}],"author":[{"embeddable":true,"href":"https:\/\/www.mvorental.com\/vl\/wp-json\/wp\/v2\/users\/2"}],"replies":[{"embeddable":true,"href":"https:\/\/www.mvorental.com\/vl\/wp-json\/wp\/v2\/comments?post=1312"}],"version-history":[{"count":7,"href":"https:\/\/www.mvorental.com\/vl\/wp-json\/wp\/v2\/pages\/1312\/revisions"}],"predecessor-version":[{"id":1673,"href":"https:\/\/www.mvorental.com\/vl\/wp-json\/wp\/v2\/pages\/1312\/revisions\/1673"}],"up":[{"embeddable":true,"href":"https:\/\/www.mvorental.com\/vl\/wp-json\/wp\/v2\/pages\/818"}],"wp:featuredmedia":[{"embeddable":true,"href":"https:\/\/www.mvorental.com\/vl\/wp-json\/wp\/v2\/media\/1146"}],"wp:attachment":[{"href":"https:\/\/www.mvorental.com\/vl\/wp-json\/wp\/v2\/media?parent=1312"}],"wp:term":[{"taxonomy":"category","embeddable":true,"href":"https:\/\/www.mvorental.com\/vl\/wp-json\/wp\/v2\/categories?post=1312"},{"taxonomy":"post_tag","embeddable":true,"href":"https:\/\/www.mvorental.com\/vl\/wp-json\/wp\/v2\/tags?post=1312"}],"curies":[{"name":"wp","href":"https:\/\/api.w.org\/{rel}","templated":true}]}}