{"id":1315,"date":"2024-11-01T11:37:40","date_gmt":"2024-11-01T11:37:40","guid":{"rendered":"https:\/\/www.mvorental.nl\/?page_id=1315"},"modified":"2026-03-28T18:10:53","modified_gmt":"2026-03-28T17:10:53","slug":"elektrische-slooprobot-husqvarna-dxr250-trippel","status":"publish","type":"page","link":"https:\/\/www.mvorental.com\/vl\/slooprobots\/slooprobots-operator\/elektrische-slooprobot-husqvarna-dxr250-trippel\/","title":{"rendered":"1.9 ton&#8217;s Slooprobot Husqvarna DXR250 trippel"},"content":{"rendered":"<div class=\"wp-block-columns is-layout-flex wp-container-core-columns-is-layout-28f84493 wp-block-columns-is-layout-flex\">\n<div class=\"wp-block-column is-layout-flow wp-block-column-is-layout-flow\">\n<p>De <strong>Husqvarna DXR 250 Trippel <\/strong>is een krachtige, volledig elektrische slooprobot met een verlengde arm voor een groter bereik, ideaal voor uitdagende sloopprojecten op moeilijk bereikbare plaatsen. Met een strak, hedendaags ontwerp en uitgerust met de nieuwste technologie\u00ebn, biedt deze machine kracht, gebruiksgemak en veiligheid in \u00e9\u00e9n compacte en robuuste behuizing.<\/p>\n\n\n\n<p>De <strong>DXR 250 Trippel<\/strong> is compact en wendbaar, met een breedte van slechts 78 cm, waardoor hij gemakkelijk door deuropeningen en smalle doorgangen past. Door zijn robuuste constructie en indrukwekkende kracht is hij geschikt voor diverse slooptoepassingen, van het verwijderen van betonnen muren en vloeren tot het slopen van structuren uit gewapend beton. Dankzij de geavanceerde, draadloze afstandsbediening met intu\u00eftieve bedieningselementen kan de operator op een veilige afstand werken en de robot met hoge precisie besturen. De bediening werkt met bluetooth-technologie, wat zorgt voor een stabiele, storingsvrije verbinding, zelfs in omgevingen met veel draadloze apparatuur.<\/p>\n\n\n\n<p>Dit is het verschil met de Husqvarna DXR 250:<\/p>\n\n\n\n<ul class=\"wp-block-list\">\n<li><strong>Husqvarna DXR 250<\/strong>: Dit model is uitgerust met een standaardarm, geschikt voor diverse sloopwerkzaamheden.<\/li>\n\n\n\n<li><strong>Husqvarna DXR 250 Trippel<\/strong>: Deze variant beschikt over een verlengde arm, ook wel \u2018trippel\u2019 genoemd, die een groter bereik heeft. Hierdoor is de machine in staat om op moeilijk bereikbare plaatsen te werken en hogere structuren te slopen.<\/li>\n<\/ul>\n\n\n\n<div style=\"height:29px\" aria-hidden=\"true\" class=\"wp-block-spacer\"><\/div>\n\n\n\n<h5 class=\"wp-block-heading\">Dit zijn de beschikbare aanbouwdelen voor de Husqvarna DXR 250 trippel:<\/h5>\n\n\n\n<ul class=\"wp-block-list\">\n<li><a href=\"https:\/\/www.mvorental.nl\/slooprobots\/aanbouwdelen\/aanbouwdelen-sloophamers-slooprobots\/\" data-type=\"page\" data-id=\"1203\">Breekhamer<\/a> SB152: 4 verschillende puntbeitels<\/li>\n\n\n\n<li><a href=\"https:\/\/www.mvorental.nl\/slooprobots\/aanbouwdelen\/aanbouwdelen-crusher-betonschaar-slooprobots\/\" data-type=\"page\" data-id=\"1210\">Pletter<\/a> DCR 100: \u00d8 43 cm<\/li>\n\n\n\n<li>Verschillende <a href=\"https:\/\/www.mvorental.nl\/slooprobots\/aanbouwdelen\/aanbouwdelen-graafbakken-slooprobots\/\" data-type=\"page\" data-id=\"1215\">bakken<\/a><\/li>\n<\/ul>\n\n\n\n<div style=\"height:29px\" aria-hidden=\"true\" class=\"wp-block-spacer\"><\/div>\n\n\n\n<details class=\"wp-block-details is-layout-flow wp-block-details-is-layout-flow\"><summary>Eigenschappen<\/summary>\n<p>Hoogte: 4700 mm<br>Breedte: 780 mm<\/p>\n\n\n\n<p>Stroom 42 Amp\u00e8re<\/p>\n<\/details>\n<\/div>\n<\/div>\n\n\n\n<h4 class=\"wp-block-heading\"><\/h4>\n\n\n\n<figure class=\"wp-block-gallery has-nested-images columns-2 wp-block-gallery-1 is-layout-flex wp-block-gallery-is-layout-flex\">\n<figure class=\"wp-block-image size-full\"><a href=\"https:\/\/www.mvorental.nl\/wp-content\/uploads\/2024\/11\/Elektrische-slooprobot-Husqvarna-DXR250-2.jpg\"><img fetchpriority=\"high\" decoding=\"async\" width=\"720\" height=\"720\" data-id=\"1399\" src=\"https:\/\/www.mvorental.nl\/wp-content\/uploads\/2024\/11\/Elektrische-slooprobot-Husqvarna-DXR250-2.jpg\" alt=\"\" class=\"wp-image-1399\" srcset=\"https:\/\/www.mvorental.com\/wp-content\/uploads\/2024\/11\/Elektrische-slooprobot-Husqvarna-DXR250-2.jpg 720w, https:\/\/www.mvorental.com\/wp-content\/uploads\/2024\/11\/Elektrische-slooprobot-Husqvarna-DXR250-2-300x300.jpg 300w, https:\/\/www.mvorental.com\/wp-content\/uploads\/2024\/11\/Elektrische-slooprobot-Husqvarna-DXR250-2-150x150.jpg 150w, https:\/\/www.mvorental.com\/wp-content\/uploads\/2024\/11\/Elektrische-slooprobot-Husqvarna-DXR250-2-12x12.jpg 12w\" sizes=\"(max-width: 720px) 100vw, 720px\" \/><\/a><\/figure>\n\n\n\n<figure class=\"wp-block-image size-full\"><a href=\"https:\/\/www.mvorental.nl\/wp-content\/uploads\/2024\/09\/Elektrische-Slooprobot-Husqvarna-DXR-270-MVOrental.nl_.jpg\"><img decoding=\"async\" width=\"960\" height=\"720\" data-id=\"1149\" src=\"https:\/\/www.mvorental.nl\/wp-content\/uploads\/2024\/09\/Elektrische-Slooprobot-Husqvarna-DXR-270-MVOrental.nl_.jpg\" alt=\"\" class=\"wp-image-1149\" srcset=\"https:\/\/www.mvorental.com\/wp-content\/uploads\/2024\/09\/Elektrische-Slooprobot-Husqvarna-DXR-270-MVOrental.nl_.jpg 960w, https:\/\/www.mvorental.com\/wp-content\/uploads\/2024\/09\/Elektrische-Slooprobot-Husqvarna-DXR-270-MVOrental.nl_-300x225.jpg 300w, https:\/\/www.mvorental.com\/wp-content\/uploads\/2024\/09\/Elektrische-Slooprobot-Husqvarna-DXR-270-MVOrental.nl_-768x576.jpg 768w\" sizes=\"(max-width: 960px) 100vw, 960px\" \/><\/a><\/figure>\n\n\n\n<figure class=\"wp-block-image size-full\"><a href=\"https:\/\/www.mvorental.nl\/wp-content\/uploads\/2024\/09\/Elektrische-Slooprobot-Husqvarna-DXR-140-MVOrental.nl_-1.jpg\"><img decoding=\"async\" width=\"960\" height=\"720\" data-id=\"1147\" src=\"https:\/\/www.mvorental.nl\/wp-content\/uploads\/2024\/09\/Elektrische-Slooprobot-Husqvarna-DXR-140-MVOrental.nl_-1.jpg\" alt=\"\" class=\"wp-image-1147\" srcset=\"https:\/\/www.mvorental.com\/wp-content\/uploads\/2024\/09\/Elektrische-Slooprobot-Husqvarna-DXR-140-MVOrental.nl_-1.jpg 960w, https:\/\/www.mvorental.com\/wp-content\/uploads\/2024\/09\/Elektrische-Slooprobot-Husqvarna-DXR-140-MVOrental.nl_-1-300x225.jpg 300w, https:\/\/www.mvorental.com\/wp-content\/uploads\/2024\/09\/Elektrische-Slooprobot-Husqvarna-DXR-140-MVOrental.nl_-1-768x576.jpg 768w\" sizes=\"(max-width: 960px) 100vw, 960px\" \/><\/a><\/figure>\n\n\n\n<figure class=\"wp-block-image size-full\"><a href=\"https:\/\/www.mvorental.nl\/wp-content\/uploads\/2024\/11\/Elektrische-slooprobot-Husqvarna-DXR250-1.jpg\"><img loading=\"lazy\" decoding=\"async\" width=\"720\" height=\"720\" data-id=\"1400\" src=\"https:\/\/www.mvorental.nl\/wp-content\/uploads\/2024\/11\/Elektrische-slooprobot-Husqvarna-DXR250-1.jpg\" alt=\"\" class=\"wp-image-1400\" srcset=\"https:\/\/www.mvorental.com\/wp-content\/uploads\/2024\/11\/Elektrische-slooprobot-Husqvarna-DXR250-1.jpg 720w, https:\/\/www.mvorental.com\/wp-content\/uploads\/2024\/11\/Elektrische-slooprobot-Husqvarna-DXR250-1-300x300.jpg 300w, https:\/\/www.mvorental.com\/wp-content\/uploads\/2024\/11\/Elektrische-slooprobot-Husqvarna-DXR250-1-150x150.jpg 150w, https:\/\/www.mvorental.com\/wp-content\/uploads\/2024\/11\/Elektrische-slooprobot-Husqvarna-DXR250-1-12x12.jpg 12w\" sizes=\"(max-width: 720px) 100vw, 720px\" \/><\/a><\/figure>\n<\/figure>","protected":false},"excerpt":{"rendered":"<p>De Husqvarna DXR 250 Trippel is een krachtige, volledig elektrische slooprobot met een verlengde arm voor een groter bereik, ideaal voor uitdagende sloopklussen op moeilijk bereikbare plekken. Met een strak, hedendaags ontwerp en uitgerust met de nieuwste technologie\u00ebn, biedt deze machine kracht, gebruiksgemak en veiligheid in \u00e9\u00e9n compacte en robuuste behuizing. De DXR 250 Trippel [&hellip;]<\/p>\n","protected":false},"author":2,"featured_media":1397,"parent":818,"menu_order":0,"comment_status":"closed","ping_status":"closed","template":"","meta":{"footnotes":""},"categories":[18],"tags":[],"class_list":["post-1315","page","type-page","status-publish","has-post-thumbnail","hentry","category-slooprobots-operator"],"_links":{"self":[{"href":"https:\/\/www.mvorental.com\/vl\/wp-json\/wp\/v2\/pages\/1315","targetHints":{"allow":["GET"]}}],"collection":[{"href":"https:\/\/www.mvorental.com\/vl\/wp-json\/wp\/v2\/pages"}],"about":[{"href":"https:\/\/www.mvorental.com\/vl\/wp-json\/wp\/v2\/types\/page"}],"author":[{"embeddable":true,"href":"https:\/\/www.mvorental.com\/vl\/wp-json\/wp\/v2\/users\/2"}],"replies":[{"embeddable":true,"href":"https:\/\/www.mvorental.com\/vl\/wp-json\/wp\/v2\/comments?post=1315"}],"version-history":[{"count":8,"href":"https:\/\/www.mvorental.com\/vl\/wp-json\/wp\/v2\/pages\/1315\/revisions"}],"predecessor-version":[{"id":1672,"href":"https:\/\/www.mvorental.com\/vl\/wp-json\/wp\/v2\/pages\/1315\/revisions\/1672"}],"up":[{"embeddable":true,"href":"https:\/\/www.mvorental.com\/vl\/wp-json\/wp\/v2\/pages\/818"}],"wp:featuredmedia":[{"embeddable":true,"href":"https:\/\/www.mvorental.com\/vl\/wp-json\/wp\/v2\/media\/1397"}],"wp:attachment":[{"href":"https:\/\/www.mvorental.com\/vl\/wp-json\/wp\/v2\/media?parent=1315"}],"wp:term":[{"taxonomy":"category","embeddable":true,"href":"https:\/\/www.mvorental.com\/vl\/wp-json\/wp\/v2\/categories?post=1315"},{"taxonomy":"post_tag","embeddable":true,"href":"https:\/\/www.mvorental.com\/vl\/wp-json\/wp\/v2\/tags?post=1315"}],"curies":[{"name":"wp","href":"https:\/\/api.w.org\/{rel}","templated":true}]}}